{"id":17,"date":"2024-12-11T08:07:19","date_gmt":"2024-12-11T08:07:19","guid":{"rendered":"https:\/\/ygdiecasting.com\/?page_id=17"},"modified":"2025-03-26T16:02:43","modified_gmt":"2025-03-26T16:02:43","slug":"about","status":"publish","type":"page","link":"https:\/\/ygdiecasting.com\/es\/about\/","title":{"rendered":"Acerca de"},"content":{"rendered":"<div class=\"wp-block-cover alignfull\" style=\"margin-top:0;margin-bottom:0;padding-bottom:20vh;min-height:100vh;aspect-ratio:unset;\"><span aria-hidden=\"true\" class=\"wp-block-cover__background has-background-dim-40 has-background-dim\" style=\"background-color:#3f4a49\"><\/span><img alt=\"\" decoding=\"async\" class=\"wp-block-cover__image-background wp-image-2531\" src=\"https:\/\/images.unsplash.com\/photo-1531545514256-b1400bc00f31?ixid=M3w1NjExMzd8MHwxfHNlYXJjaHwzNXx8bWVldGluZyUyMG9mZmljZXxlbnwwfHx8fDE3MzM5OTM4MTN8MA&amp;ixlib=rb-4.0.3&amp;fm=webp&amp;w=2560\" style=\"object-position:50% 43%\" data-object-fit=\"cover\" data-object-position=\"50% 43%\"\/><div class=\"wp-block-cover__inner-container has-global-padding is-layout-constrained wp-container-core-cover-is-layout-1 wp-block-cover-is-layout-constrained\">\n<div class=\"wp-block-columns is-layout-flex wp-container-core-columns-is-layout-1 wp-block-columns-is-layout-flex\">\n<div class=\"wp-block-column is-layout-flow wp-block-column-is-layout-flow\">\n<h1 class=\"wp-block-heading has-text-align-center has-text-color\" style=\"color:#ffffff;margin-top:60px;margin-bottom:0px;font-size:clamp(29.768px, 1.861rem + ((1vw - 3.2px) * 2.526), 52px);font-style:normal;font-weight:400;line-height:1.2\">Su socio de confianza en la excelencia de la fundici\u00f3n a presi\u00f3n.<\/h1>\n<\/div>\n<\/div>\n<\/div><\/div>\n\n\n\n<div class=\"wp-block-cover alignfull is-light\" style=\"margin-top:0;margin-bottom:0;padding-top:0;padding-bottom:0\"><span aria-hidden=\"true\" class=\"wp-block-cover__background has-base-background-color has-background-dim-0 has-background-dim\"><\/span><div class=\"wp-block-cover__inner-container has-global-padding is-layout-constrained wp-container-core-cover-is-layout-2 wp-block-cover-is-layout-constrained\">\n<div class=\"wp-block-columns is-layout-flex wp-container-core-columns-is-layout-2 wp-block-columns-is-layout-flex\" style=\"margin-top:120px;margin-bottom:76px\">\n<div class=\"wp-block-column is-vertically-aligned-top is-layout-flow wp-block-column-is-layout-flow\">\n<h2 class=\"wp-block-heading has-text-color\" style=\"color:#000000;margin-bottom:40px;font-size:clamp(27.894px, 1.743rem + ((1vw - 3.2px) * 2.285), 48px);line-height:1.2\">Sus problemas, nuestra soluci\u00f3n<\/h2>\n\n\n\n<p style=\"font-size:clamp(14px, 0.875rem + ((1vw - 3.2px) * 0.227), 16px);\"><strong>\u00bfCansado de culpar a los proveedores?<\/strong><\/p>\n\n\n\n<p style=\"font-size:clamp(14px, 0.875rem + ((1vw - 3.2px) * 0.227), 16px);\">\u00bfAlguna vez ha tenido que rechazar un proyecto de un proveedor de galvanoplastia por su alto \u00edndice de defectos? \u00bfO se ha visto atrapado entre una f\u00e1brica de fundici\u00f3n a presi\u00f3n y un proveedor de tratamiento de superficies, cada uno culpando al otro de los problemas de calidad? Estas disputas hacen perder tiempo, inflan los costes y retrasan el lanzamiento de su producto.<\/p>\n\n\n\n<p class=\"has-text-color has-link-color wp-elements-ffcda699dce61618689bcc7a93cb1441\" style=\"color:#000000;font-size:clamp(14px, 0.875rem + ((1vw - 3.2px) * 0.227), 16px);line-height:1.6\">En la fundici\u00f3n a presi\u00f3n para el consumidor, la gesti\u00f3n de m\u00faltiples proveedores para el desbarbado, el mecanizado CNC, el pulido y los revestimientos como PVD o electroforesis a menudo conduce a la falta de comunicaci\u00f3n y a la ineficacia de la producci\u00f3n. Sin un proceso unificado, los defectos aparecen demasiado tarde, lo que provoca costosas repeticiones y contratiempos en los proyectos.<\/p>\n<\/div>\n\n\n\n<div class=\"wp-block-column is-layout-flow wp-block-column-is-layout-flow\">\n<figure class=\"wp-block-image size-full\"><img alt=\"\" fetchpriority=\"high\" decoding=\"async\" width=\"600\" height=\"600\" src=\"https:\/\/ygdiecasting.com\/wp-content\/uploads\/2025\/02\/Die-casting-IPQC1.png\" class=\"wp-image-761\" style=\"aspect-ratio:1;object-fit:cover\" srcset=\"https:\/\/ygdiecasting.com\/wp-content\/uploads\/2025\/02\/Die-casting-IPQC1.png 600w, https:\/\/ygdiecasting.com\/wp-content\/uploads\/2025\/02\/Die-casting-IPQC1-300x300.png 300w, https:\/\/ygdiecasting.com\/wp-content\/uploads\/2025\/02\/Die-casting-IPQC1-150x150.png 150w\" sizes=\"(max-width: 600px) 100vw, 600px\" \/><\/figure>\n<\/div>\n<\/div>\n\n\n\n<div class=\"wp-block-columns is-layout-flex wp-container-core-columns-is-layout-3 wp-block-columns-is-layout-flex\" style=\"margin-top:0px;margin-bottom:120px\">\n<div class=\"wp-block-column is-layout-flow wp-block-column-is-layout-flow\">\n<figure class=\"wp-block-image size-full\"><img alt=\"\" decoding=\"async\" src=\"https:\/\/images.unsplash.com\/photo-1581090123826-27b62664de96?ixid=M3w1NjExMzd8MHwxfHNlYXJjaHwxOHx8ZHJhd2luZyUyMHNvZnR3YXJlJTIwfGVufDB8fHx8MTczMzk5MjgwNnww&amp;ixlib=rb-4.0.3&amp;fm=webp&amp;w=1024&amp;h=682&amp;fit=crop\" class=\"wp-image-1700\" style=\"aspect-ratio:1;object-fit:cover\"\/><\/figure>\n<\/div>\n\n\n\n<div class=\"wp-block-column is-vertically-aligned-center is-layout-flow wp-block-column-is-layout-flow\">\n<h2 class=\"wp-block-heading has-text-color\" style=\"color:#000000;margin-bottom:40px;font-size:clamp(24.034px, 1.502rem + ((1vw - 3.2px) * 1.814), 40px);line-height:1.2\">Shenzhen: Construida para la fabricaci\u00f3n de alta calidad<\/h2>\n\n\n\n<p class=\"has-text-color\" style=\"color:#000000;margin-bottom:96px;font-size:clamp(14px, 0.875rem + ((1vw - 3.2px) * 0.682), 20px);line-height:1.6\">Con sede en Shenzhen, damos prioridad a los trabajadores altamente cualificados y a una cadena de suministro madura frente a las alternativas de bajo coste. Somos especialistas en fundici\u00f3n a presi\u00f3n de precisi\u00f3n para electr\u00f3nica de consumo y dispositivos inteligentes, y ofrecemos acabados de gama alta que satisfacen las exigencias m\u00e1s estrictas del mercado.<\/p>\n\n\n\n<div class=\"wp-block-buttons is-content-justification-center is-layout-flex wp-container-core-buttons-is-layout-1 wp-block-buttons-is-layout-flex\">\n<div class=\"wp-block-button has-custom-font-size\" style=\"font-size:clamp(14px, 0.875rem + ((1vw - 3.2px) * 0.114), 15px);font-style:normal;font-weight:500\"><a class=\"wp-block-button__link has-text-color has-background wp-element-button\" href=\"#contact-01\" style=\"border-style:none;border-width:0px;border-radius:0px;color:#ffffff;background-color:#d4967d;padding-top:20px;padding-right:100px;padding-bottom:20px;padding-left:100px\">\u00danase a nosotros<\/a><\/div>\n<\/div>\n<\/div>\n<\/div>\n<\/div><\/div>\n\n\n\n<div class=\"wp-block-cover alignwide is-light\"><span aria-hidden=\"true\" class=\"wp-block-cover__background has-background-dim-20 has-background-dim\"><\/span><div class=\"wp-block-cover__inner-container has-global-padding is-layout-constrained wp-block-cover-is-layout-constrained\">\n<h2 class=\"wp-block-heading has-custom-body-text-color-color has-text-color\" style=\"font-size:clamp(27.894px, 1.743rem + ((1vw - 3.2px) * 2.285), 48px);\">Controlamos el proceso para que usted no tenga que hacerlo<\/h2>\n\n\n\n<p style=\"font-size:clamp(14px, 0.875rem + ((1vw - 3.2px) * 0.682), 20px);\">En <strong>YuGe<\/strong>Para resolver este problema, nos encargamos del postprocesamiento cr\u00edtico y gestionamos una red de proveedores de confianza para tratamientos especializados. A diferencia de los proveedores que solo suministran piezas de fundici\u00f3n en bruto, nosotros integramos la fundici\u00f3n a presi\u00f3n, el mecanizado y el acabado para garantizar la calidad y la eficiencia.<\/p>\n\n\n\n<ul class=\"wp-block-list\">\n<li style=\"font-size:clamp(14px, 0.875rem + ((1vw - 3.2px) * 0.682), 20px);\"><strong>Procesos propios<\/strong>: Realizamos el desbarbado, el mecanizado CNC, el pulido, el grabado por l\u00e1ser, la pulverizaci\u00f3n y el horneado en nuestras instalaciones.<\/li>\n\n\n\n<li style=\"font-size:clamp(14px, 0.875rem + ((1vw - 3.2px) * 0.682), 20px);\"><strong>Red estrat\u00e9gica de proveedores<\/strong>: Nuestros socios para electroforesis, galvanoplastia, PVD, anodizado y oxidaci\u00f3n qu\u00edmica siguen nuestras estrictas normas de calidad.<\/li>\n\n\n\n<li style=\"font-size:clamp(14px, 0.875rem + ((1vw - 3.2px) * 0.682), 20px);\"><strong>L\u00ednea de revestimiento automatizada<\/strong>: Nuestra <strong>La planta de Dongguan cuenta con una l\u00ednea de pulverizaci\u00f3n automatizada<\/strong>, lo que garantiza un control superior del acabado.<\/li>\n<\/ul>\n\n\n\n<p class=\"has-custom-body-text-color-color has-text-color\" style=\"margin-top:0px;margin-bottom:0px;padding-top:0px;padding-bottom:0px;font-size:clamp(14px, 0.875rem + ((1vw - 3.2px) * 0.682), 20px);font-style:normal;font-weight:400\">Este planteamiento elimina las disputas con los proveedores, acorta los plazos de entrega y garantiza <strong>piezas de consumo de alta calidad<\/strong>.s.<\/p>\n<\/div><\/div>\n\n\n\n<div class=\"wp-block-cover alignfull is-light has-custom-body-text-color-color has-text-color wp-duotone-unset-1\" style=\"margin-top:0px;margin-bottom:0px;padding-top:0px;padding-bottom:96px;font-style:normal;font-weight:400\"><span aria-hidden=\"true\" class=\"wp-block-cover__background has-base-background-color has-background-dim-0 has-background-dim\"><\/span><div class=\"wp-block-cover__inner-container has-global-padding is-layout-constrained wp-container-core-cover-is-layout-4 wp-block-cover-is-layout-constrained\">\n<h2 class=\"wp-block-heading has-text-align-center has-text-color\" style=\"color:#000000;margin-bottom:10px;font-size:clamp(27.894px, 1.743rem + ((1vw - 3.2px) * 2.285), 48px);font-style:normal;font-weight:400;line-height:1.6\">Nuestros servicios<\/h2>\n\n\n\n<div class=\"wp-block-columns is-layout-flex wp-container-core-columns-is-layout-4 wp-block-columns-is-layout-flex\" style=\"margin-top:0;margin-bottom:25px;padding-top:0;padding-bottom:0\">\n<div class=\"wp-block-column is-vertically-aligned-center is-layout-flow wp-block-column-is-layout-flow\">\n<h3 class=\"wp-block-heading has-text-color\" style=\"color:#000000;font-size:clamp(23.043px, 1.44rem + ((1vw - 3.2px) * 1.7), 38px);font-style:normal;font-weight:400;line-height:1.6\">Dise\u00f1o de moldes<\/h3>\n<\/div>\n\n\n\n<div class=\"wp-block-column is-layout-flow wp-block-column-is-layout-flow\">\n<p class=\"has-text-color\" style=\"color:#0f0f0f;font-size:clamp(14px, 0.875rem + ((1vw - 3.2px) * 0.455), 18px);line-height:1.6\">Nuestro servicio de dise\u00f1o de moldes da vida a sus ideas. Nuestro cualificado equipo utiliza tecnolog\u00eda avanzada para crear moldes precisos que garanticen la m\u00e1xima calidad en cada pieza de fundici\u00f3n a presi\u00f3n. Hagamos realidad su visi\u00f3n.<\/p>\n\n\n\n<p class=\"has-text-color has-link-color wp-elements-3cf38d41acd27c3348cea1aff8cef90e\" style=\"color:#000000;font-size:clamp(14px, 0.875rem + ((1vw - 3.2px) * 0.455), 18px);line-height:1.6\">Duraci\u00f3n: 2-3 semanas | Coste: A partir de $1500 | \u00a1Comienza!<\/p>\n<\/div>\n<\/div>\n\n\n\n<div class=\"wp-block-columns is-layout-flex wp-container-core-columns-is-layout-5 wp-block-columns-is-layout-flex\" style=\"margin-top:0;margin-bottom:25px;padding-top:0;padding-bottom:0\">\n<div class=\"wp-block-column is-vertically-aligned-center is-layout-flow wp-block-column-is-layout-flow\">\n<h3 class=\"wp-block-heading has-text-color\" style=\"color:#000000;font-size:clamp(23.043px, 1.44rem + ((1vw - 3.2px) * 1.7), 38px);font-style:normal;font-weight:400;line-height:1.5\">Fundici\u00f3n a presi\u00f3n<\/h3>\n<\/div>\n\n\n\n<div class=\"wp-block-column is-layout-flow wp-block-column-is-layout-flow\">\n<p class=\"has-text-color\" style=\"color:#000000;font-size:clamp(14px, 0.875rem + ((1vw - 3.2px) * 0.455), 18px);line-height:1.6\">Nuestro servicio de fundici\u00f3n a presi\u00f3n transforma las materias primas en piezas duraderas. Utilizando zinc, aluminio y magnesio, garantizamos precisi\u00f3n y resistencia en cada pieza. Conf\u00ede en nosotros para obtener componentes de alta calidad para sus productos.<\/p>\n\n\n\n<p class=\"has-text-color has-link-color wp-elements-2c16730d2ce05ce8d5953e0f20337a8f\" style=\"color:#000000;font-size:clamp(14px, 0.875rem + ((1vw - 3.2px) * 0.455), 18px);line-height:1.6\">Duraci\u00f3n: 1-7 d\u00edas| Coste: A partir de $1000 | \u00a1Inf\u00f3rmese ahora!<\/p>\n<\/div>\n<\/div>\n\n\n\n<div class=\"wp-block-columns is-layout-flex wp-container-core-columns-is-layout-6 wp-block-columns-is-layout-flex\" style=\"margin-top:0;margin-bottom:25px;padding-top:0;padding-bottom:0\">\n<div class=\"wp-block-column is-vertically-aligned-center is-layout-flow wp-block-column-is-layout-flow\">\n<h3 class=\"wp-block-heading has-text-color\" style=\"color:#000000;font-size:clamp(23.043px, 1.44rem + ((1vw - 3.2px) * 1.7), 38px);font-style:normal;font-weight:400;line-height:1.6\">Revestimiento final<\/h3>\n<\/div>\n\n\n\n<div class=\"wp-block-column is-layout-flow wp-block-column-is-layout-flow\">\n<p class=\"has-text-color\" style=\"color:#000000;font-size:clamp(14px, 0.875rem + ((1vw - 3.2px) * 0.455), 18px);line-height:1.6\">Nuestro servicio de revestimiento final lo re\u00fane todo. Procesamos de forma experta sus piezas de fundici\u00f3n a presi\u00f3n para convertirlas en piezas completas, garantizando su funcionalidad y calidad. Deje que nos ocupemos de los detalles para que usted pueda centrarse en su visi\u00f3n.<\/p>\n\n\n\n<p class=\"has-text-color has-link-color wp-elements-f90a59c0b0abc9afb1f362941e50dd91\" style=\"color:#000000;font-size:clamp(14px, 0.875rem + ((1vw - 3.2px) * 0.455), 18px);line-height:1.6\">Duraci\u00f3n: 1-3 semanas | Depende del tipo de acabado | \u00a1Cont\u00e1ctenos!<\/p>\n<\/div>\n<\/div>\n\n\n\n<div class=\"wp-block-columns is-layout-flex wp-container-core-columns-is-layout-7 wp-block-columns-is-layout-flex\" style=\"margin-top:0;margin-bottom:25px;padding-top:0;padding-bottom:0\">\n<div class=\"wp-block-column is-vertically-aligned-center is-layout-flow wp-block-column-is-layout-flow\">\n<h3 class=\"wp-block-heading has-text-color\" style=\"color:#000000;font-size:clamp(23.043px, 1.44rem + ((1vw - 3.2px) * 1.7), 38px);font-style:normal;font-weight:400;line-height:1.5\">Garant\u00eda de calidad<\/h3>\n<\/div>\n\n\n\n<div class=\"wp-block-column is-layout-flow wp-block-column-is-layout-flow\">\n<p class=\"has-text-color\" style=\"color:#000000;font-size:clamp(14px, 0.875rem + ((1vw - 3.2px) * 0.455), 18px);line-height:1.6\">Nuestro servicio de control de calidad garantiza que todas las piezas cumplen nuestros elevados est\u00e1ndares. Realizamos inspecciones exhaustivas en cada fase, garantizando la fiabilidad y la excelencia. Cuente con nosotros para piezas en las que puede confiar.<\/p>\n\n\n\n<p class=\"has-text-color has-link-color wp-elements-bc753cb95df700955c6a570659940aa1\" style=\"color:#000000;font-size:clamp(14px, 0.875rem + ((1vw - 3.2px) * 0.455), 18px);line-height:1.6\">Duraci\u00f3n: En curso | Coste: Incluido | \u00a1M\u00e1s informaci\u00f3n!<\/p>\n<\/div>\n<\/div>\n<\/div><\/div>\n\n\n\n<div class=\"wp-block-cover alignwide is-light has-text-color has-link-color wp-elements-46935c318d2c30460394fdbbe5eb3947\" style=\"color:#000000;margin-bottom:120px;padding-top:96px;padding-bottom:120px\" id=\"contact-01\"><span aria-hidden=\"true\" class=\"wp-block-cover__background has-background-dim-100 has-background-dim\" style=\"background-color:#dcd9d0\"><\/span><div class=\"wp-block-cover__inner-container has-global-padding is-layout-constrained wp-container-core-cover-is-layout-5 wp-block-cover-is-layout-constrained\">\n<div class=\"wp-block-columns is-layout-flex wp-container-core-columns-is-layout-8 wp-block-columns-is-layout-flex\">\n<div class=\"wp-block-column is-layout-flow wp-block-column-is-layout-flow\" style=\"padding-top:40px\">\n<h2 class=\"wp-block-heading has-text-color\" style=\"color:#000000;margin-bottom:40px;font-size:clamp(27.894px, 1.743rem + ((1vw - 3.2px) * 2.285), 48px);font-style:normal;font-weight:400;line-height:1.2\">P\u00f3ngase en contacto con nosotros<\/h2>\n\n\n\n<p class=\"has-text-color\" style=\"color:#000000;padding-right:46px;font-size:clamp(14px, 0.875rem + ((1vw - 3.2px) * 0.682), 20px);line-height:1.6\"><strong>Lo que gana con YuGe<\/strong><\/p>\n\n\n\n<p class=\"has-text-color\" style=\"color:#000000;padding-right:46px;font-size:clamp(14px, 0.875rem + ((1vw - 3.2px) * 0.227), 16px);line-height:1.6\">\u2705 <strong>Fundici\u00f3n a presi\u00f3n y acabado<\/strong>-Cadena de suministro simplificada, plazos de entrega m\u00e1s r\u00e1pidos.<br>\u2705 <strong>Control de calidad de principio a fin<\/strong>-reducci\u00f3n de las tasas de defectos y retrabajo.<br>\u2705 <strong>Producci\u00f3n m\u00e1s r\u00e1pida y fiable<\/strong>-se acabaron los retrasos de los proveedores.<br>\u2705 <strong>Un socio de fabricaci\u00f3n comprometido<\/strong>-su \u00e9xito es nuestro \u00e9xito.<\/p>\n<\/div>\n\n\n\n<div class=\"wp-block-column is-layout-flow wp-block-column-is-layout-flow\" style=\"flex-basis:50%\">\n<div class=\"wp-block-group has-global-padding is-layout-constrained wp-block-group-is-layout-constrained\" style=\"margin-top:0rem;margin-bottom:0px\"><style id=\"wpforms-css-vars-68-block-9baf4960-36d7-4262-a625-4e59365911a4\">\n\t\t\t\t#wpforms-68.wpforms-block-9baf4960-36d7-4262-a625-4e59365911a4 {\n\t\t\t\t--wpforms-label-color: #3f4a4f;\n--wpforms-field-border-radius: 0px;\n--wpforms-field-background-color: #fbfbfb;\n--wpforms-button-border-radius: 0px;\n--wpforms-button-background-color: #d49d89;\n--wpforms-field-border-size: 2px;\n--wpforms-field-size-input-height: 43px;\n--wpforms-field-size-input-spacing: 15px;\n--wpforms-field-size-font-size: 16px;\n--wpforms-field-size-line-height: 19px;\n--wpforms-field-size-padding-h: 14px;\n--wpforms-field-size-checkbox-size: 16px;\n--wpforms-field-size-sublabel-spacing: 5px;\n--wpforms-field-size-icon-size: 1;\n--wpforms-label-size-font-size: 16px;\n--wpforms-label-size-line-height: 19px;\n--wpforms-label-size-sublabel-font-size: 14px;\n--wpforms-label-size-sublabel-line-height: 17px;\n--wpforms-button-size-font-size: 20px;\n--wpforms-button-size-height: 48px;\n--wpforms-button-size-padding-h: 20px;\n--wpforms-button-size-margin-top: 15px;\n\t\t\t}\n\t\t\t<\/style><div class=\"wpforms-container wpforms-container-full wpforms-block wpforms-block-9baf4960-36d7-4262-a625-4e59365911a4 wpforms-render-modern\" id=\"wpforms-68\"><form id=\"wpforms-form-68\" class=\"wpforms-validate wpforms-form wpforms-ajax-form\" data-formid=\"68\" method=\"post\" enctype=\"multipart\/form-data\" action=\"\/es\/wp-json\/wp\/v2\/pages\/17\" data-token=\"05f40e34074cd724b37d79e0301cdc44\" data-token-time=\"1778071706\" data-trp-original-action=\"\/es\/wp-json\/wp\/v2\/pages\/17\"><noscript class=\"wpforms-error-noscript\">Por favor, active JavaScript en su navegador para completar este formulario.<\/noscript><div id=\"wpforms-error-noscript\" style=\"display: none;\">Por favor, active JavaScript en su navegador para completar este formulario.<\/div><div class=\"wpforms-field-container\"><div id=\"wpforms-68-field_1-container\" class=\"wpforms-field wpforms-field-name\" data-field-id=\"1\"><input type=\"text\" id=\"wpforms-68-field_1\" class=\"wpforms-field-large wpforms-field-required\" name=\"wpforms[fields][1]\" placeholder=\"\u00bfC\u00f3mo prefiere que le llamen?\" aria-errormessage=\"wpforms-68-field_1-error\" required><\/div>\t\t<div id=\"wpforms-68-field_5-container\"\n\t\t\tclass=\"wpforms-field wpforms-field-text\"\n\t\t\tdata-field-type=\"text\"\n\t\t\tdata-field-id=\"5\"\n\t\t\t>\n\t\t\t<label class=\"wpforms-field-label\" for=\"wpforms-68-field_5\" >Correo electr\u00f3nico Tel\u00e9fono Mensaje<\/label>\n\t\t\t<input type=\"text\" id=\"wpforms-68-field_5\" class=\"wpforms-field-medium\" name=\"wpforms[fields][5]\" >\n\t\t<\/div>\n\t\t<div id=\"wpforms-68-field_2-container\" class=\"wpforms-field wpforms-field-email\" data-field-id=\"2\"><label class=\"wpforms-field-label\" for=\"wpforms-68-field_2\">Correo electr\u00f3nico <span class=\"wpforms-required-label\" aria-hidden=\"true\">*<\/span><\/label><input type=\"email\" id=\"wpforms-68-field_2\" class=\"wpforms-field-large wpforms-field-required\" name=\"wpforms[fields][2]\" placeholder=\"Tenga la seguridad de que toda la informaci\u00f3n es estrictamente confidencial.\" spellcheck=\"false\" aria-errormessage=\"wpforms-68-field_2-error\" required><\/div><div id=\"wpforms-68-field_4-container\" class=\"wpforms-field wpforms-field-text\" data-field-id=\"4\"><label class=\"wpforms-field-label\" for=\"wpforms-68-field_4\">Tel\u00e9fono<\/label><input type=\"text\" id=\"wpforms-68-field_4\" class=\"wpforms-field-medium\" name=\"wpforms[fields][4]\" placeholder=\"S\u00f3lo cuando nuestro correo electr\u00f3nico de respuesta a la consulta est\u00e1 bloqueado.\" aria-errormessage=\"wpforms-68-field_4-error\" ><\/div><div id=\"wpforms-68-field_3-container\" class=\"wpforms-field wpforms-field-textarea\" data-field-id=\"3\"><label class=\"wpforms-field-label\" for=\"wpforms-68-field_3\">Mensaje <span class=\"wpforms-required-label\" aria-hidden=\"true\">*<\/span><\/label><textarea id=\"wpforms-68-field_3\" class=\"wpforms-field-medium wpforms-field-required\" name=\"wpforms[fields][3]\" placeholder=\"Cuanta m\u00e1s informaci\u00f3n facilite, mejor ser\u00e1 la evaluaci\u00f3n de su proyecto.\" aria-errormessage=\"wpforms-68-field_3-error\" required><\/textarea><\/div><script>\n\t\t\t\t( function() {\n\t\t\t\t\tconst style = document.createElement( 'style' );\n\t\t\t\t\tstyle.appendChild( document.createTextNode( '#wpforms-68-field_5-container { position: absolute !important; overflow: hidden !important; display: inline !important; height: 1px !important; width: 1px !important; z-index: -1000 !important; padding: 0 !important; } #wpforms-68-field_5-container input { visibility: hidden; } #wpforms-conversational-form-page #wpforms-68-field_5-container label { counter-increment: none; }' ) );\n\t\t\t\t\tdocument.head.appendChild( style );\n\t\t\t\t\tdocument.currentScript?.remove();\n\t\t\t\t} )();\n\t\t\t<\/script><\/div><!-- .wpforms-field-container --><div class=\"wpforms-submit-container\" ><input type=\"hidden\" name=\"wpforms[id]\" value=\"68\"><input type=\"hidden\" name=\"page_title\" value=\"\"><input type=\"hidden\" name=\"page_url\" value=\"https:\/\/ygdiecasting.com\/es\/wp-json\/wp\/v2\/pages\/17\"><input type=\"hidden\" name=\"url_referer\" value=\"\"><button type=\"submit\" name=\"wpforms[submit]\" id=\"wpforms-submit-68\" class=\"wpforms-submit\" data-alt-text=\"Sending...\" data-submit-text=\"Submit\" aria-live=\"assertive\" value=\"wpforms-submit\">Enviar<\/button><img decoding=\"async\" src=\"https:\/\/ygdiecasting.com\/wp-content\/plugins\/wpforms-lite\/assets\/images\/submit-spin.svg\" class=\"wpforms-submit-spinner\" style=\"display: none;\" width=\"26\" height=\"26\" alt=\"Cargando\"><\/div><input type=\"hidden\" name=\"trp-form-language\" value=\"es\"\/><\/form><\/div>  <!-- .wpforms-container --><\/div>\n<\/div>\n<\/div>\n<\/div><\/div>\n\n\n\n<div class=\"wp-block-cover alignfull\" style=\"margin-top:0;margin-bottom:0;padding-top:120px;padding-bottom:120px;min-height:66vh;aspect-ratio:unset;\"><span aria-hidden=\"true\" class=\"wp-block-cover__background has-background-dim-40 has-background-dim\" style=\"background-color:#495a58\"><\/span><img decoding=\"async\" width=\"1280\" height=\"720\" class=\"wp-block-cover__image-background wp-image-751\" alt=\"checking the polished objects quality\" src=\"https:\/\/ygdiecasting.com\/wp-content\/uploads\/2025\/02\/polishing-IPQC.png\" style=\"object-position:53% 100%\" data-object-fit=\"cover\" data-object-position=\"53% 100%\" srcset=\"https:\/\/ygdiecasting.com\/wp-content\/uploads\/2025\/02\/polishing-IPQC.png 1280w, https:\/\/ygdiecasting.com\/wp-content\/uploads\/2025\/02\/polishing-IPQC-300x169.png 300w, https:\/\/ygdiecasting.com\/wp-content\/uploads\/2025\/02\/polishing-IPQC-1024x576.png 1024w, https:\/\/ygdiecasting.com\/wp-content\/uploads\/2025\/02\/polishing-IPQC-768x432.png 768w\" sizes=\"(max-width: 1280px) 100vw, 1280px\" \/><div class=\"wp-block-cover__inner-container has-global-padding is-layout-constrained wp-container-core-cover-is-layout-6 wp-block-cover-is-layout-constrained\">\n<h2 class=\"wp-block-heading alignwide has-text-align-center has-text-color\" style=\"color:#fffefe;padding-top:0px;padding-bottom:30px;font-size:clamp(21.536px, 1.346rem + ((1vw - 3.2px) * 1.53), 35px);font-style:normal;font-weight:400;line-height:1.4\"><strong>En YuGe, no nos limitamos a fabricar piezas, sino que resolvemos retos de fabricaci\u00f3n. Construyamos juntos algo excepcional.<\/strong><\/h2>\n\n\n\n<div class=\"wp-block-buttons is-content-justification-center is-layout-flex wp-container-core-buttons-is-layout-2 wp-block-buttons-is-layout-flex\">\n<div class=\"wp-block-button has-custom-font-size\" style=\"font-size:clamp(14px, 0.875rem + ((1vw - 3.2px) * 0.114), 15px);font-style:normal;font-weight:500\"><a class=\"wp-block-button__link has-text-color has-background wp-element-button\" href=\"#contact-01\" style=\"border-style:none;border-width:0px;border-radius:0px;color:#ffffff;background-color:#d4967d;padding-top:24px;padding-right:160px;padding-bottom:24px;padding-left:160px\">P\u00f3ngase en contacto con nosotros<\/a><\/div>\n<\/div>\n<\/div><\/div>\n\n\n\n<p><\/p>","protected":false},"excerpt":{"rendered":"","protected":false},"author":1,"featured_media":0,"parent":0,"menu_order":0,"comment_status":"closed","ping_status":"closed","template":"","meta":{"_seopress_robots_primary_cat":"","_seopress_titles_title":"","_seopress_titles_desc":"","_seopress_robots_index":"","footnotes":""},"class_list":["post-17","page","type-page","status-publish","hentry"],"_links":{"self":[{"href":"https:\/\/ygdiecasting.com\/es\/wp-json\/wp\/v2\/pages\/17","targetHints":{"allow":["GET"]}}],"collection":[{"href":"https:\/\/ygdiecasting.com\/es\/wp-json\/wp\/v2\/pages"}],"about":[{"href":"https:\/\/ygdiecasting.com\/es\/wp-json\/wp\/v2\/types\/page"}],"author":[{"embeddable":true,"href":"https:\/\/ygdiecasting.com\/es\/wp-json\/wp\/v2\/users\/1"}],"replies":[{"embeddable":true,"href":"https:\/\/ygdiecasting.com\/es\/wp-json\/wp\/v2\/comments?post=17"}],"version-history":[{"count":20,"href":"https:\/\/ygdiecasting.com\/es\/wp-json\/wp\/v2\/pages\/17\/revisions"}],"predecessor-version":[{"id":1221,"href":"https:\/\/ygdiecasting.com\/es\/wp-json\/wp\/v2\/pages\/17\/revisions\/1221"}],"wp:attachment":[{"href":"https:\/\/ygdiecasting.com\/es\/wp-json\/wp\/v2\/media?parent=17"}],"curies":[{"name":"wp","href":"https:\/\/api.w.org\/{rel}","templated":true}]}}