{"id":17,"date":"2024-12-11T08:07:19","date_gmt":"2024-12-11T08:07:19","guid":{"rendered":"https:\/\/ygdiecasting.com\/?page_id=17"},"modified":"2025-03-26T16:02:43","modified_gmt":"2025-03-26T16:02:43","slug":"about","status":"publish","type":"page","link":"https:\/\/ygdiecasting.com\/pt\/about\/","title":{"rendered":"Sobre"},"content":{"rendered":"<div class=\"wp-block-cover alignfull\" style=\"margin-top:0;margin-bottom:0;padding-bottom:20vh;min-height:100vh;aspect-ratio:unset;\"><span aria-hidden=\"true\" class=\"wp-block-cover__background has-background-dim-40 has-background-dim\" style=\"background-color:#3f4a49\"><\/span><img alt=\"\" decoding=\"async\" class=\"wp-block-cover__image-background wp-image-2531\" src=\"https:\/\/images.unsplash.com\/photo-1531545514256-b1400bc00f31?ixid=M3w1NjExMzd8MHwxfHNlYXJjaHwzNXx8bWVldGluZyUyMG9mZmljZXxlbnwwfHx8fDE3MzM5OTM4MTN8MA&amp;ixlib=rb-4.0.3&amp;fm=webp&amp;w=2560\" style=\"object-position:50% 43%\" data-object-fit=\"cover\" data-object-position=\"50% 43%\"\/><div class=\"wp-block-cover__inner-container has-global-padding is-layout-constrained wp-container-core-cover-is-layout-1 wp-block-cover-is-layout-constrained\">\n<div class=\"wp-block-columns is-layout-flex wp-container-core-columns-is-layout-1 wp-block-columns-is-layout-flex\">\n<div class=\"wp-block-column is-layout-flow wp-block-column-is-layout-flow\">\n<h1 class=\"wp-block-heading has-text-align-center has-text-color\" style=\"color:#ffffff;margin-top:60px;margin-bottom:0px;font-size:clamp(29.768px, 1.861rem + ((1vw - 3.2px) * 2.526), 52px);font-style:normal;font-weight:400;line-height:1.2\">O seu parceiro de confian\u00e7a na excel\u00eancia da fundi\u00e7\u00e3o injectada!<\/h1>\n<\/div>\n<\/div>\n<\/div><\/div>\n\n\n\n<div class=\"wp-block-cover alignfull is-light\" style=\"margin-top:0;margin-bottom:0;padding-top:0;padding-bottom:0\"><span aria-hidden=\"true\" class=\"wp-block-cover__background has-base-background-color has-background-dim-0 has-background-dim\"><\/span><div class=\"wp-block-cover__inner-container has-global-padding is-layout-constrained wp-container-core-cover-is-layout-2 wp-block-cover-is-layout-constrained\">\n<div class=\"wp-block-columns is-layout-flex wp-container-core-columns-is-layout-2 wp-block-columns-is-layout-flex\" style=\"margin-top:120px;margin-bottom:76px\">\n<div class=\"wp-block-column is-vertically-aligned-top is-layout-flow wp-block-column-is-layout-flow\">\n<h2 class=\"wp-block-heading has-text-color\" style=\"color:#000000;margin-bottom:40px;font-size:clamp(27.894px, 1.743rem + ((1vw - 3.2px) * 2.285), 48px);line-height:1.2\">Os seus problemas, a nossa solu\u00e7\u00e3o<\/h2>\n\n\n\n<p style=\"font-size:clamp(14px, 0.875rem + ((1vw - 3.2px) * 0.227), 16px);\"><strong>Cansado dos jogos de culpabiliza\u00e7\u00e3o dos fornecedores?<\/strong><\/p>\n\n\n\n<p style=\"font-size:clamp(14px, 0.875rem + ((1vw - 3.2px) * 0.227), 16px);\">J\u00e1 alguma vez teve um fornecedor de galvanoplastia a recusar um projeto devido a elevadas taxas de defeitos? Ou j\u00e1 se viu preso entre uma f\u00e1brica de fundi\u00e7\u00e3o injetada e um fornecedor de tratamento de superf\u00edcie, cada um culpando o outro por problemas de qualidade? Estes lit\u00edgios fazem perder tempo, aumentam os custos e atrasam o lan\u00e7amento do seu produto.<\/p>\n\n\n\n<p class=\"has-text-color has-link-color wp-elements-ffcda699dce61618689bcc7a93cb1441\" style=\"color:#000000;font-size:clamp(14px, 0.875rem + ((1vw - 3.2px) * 0.227), 16px);line-height:1.6\">Na fundi\u00e7\u00e3o injetada para o consumidor, a gest\u00e3o de v\u00e1rios fornecedores para rebarba\u00e7\u00e3o, maquina\u00e7\u00e3o CNC, polimento e revestimentos como PVD ou eletroforese conduz frequentemente a falhas de comunica\u00e7\u00e3o e inefici\u00eancias de produ\u00e7\u00e3o. Sem um processo unificado, os defeitos surgem demasiado tarde, provocando retrabalho dispendioso e retrocessos no projeto.<\/p>\n<\/div>\n\n\n\n<div class=\"wp-block-column is-layout-flow wp-block-column-is-layout-flow\">\n<figure class=\"wp-block-image size-full\"><img alt=\"\" fetchpriority=\"high\" decoding=\"async\" width=\"600\" height=\"600\" src=\"https:\/\/ygdiecasting.com\/wp-content\/uploads\/2025\/02\/Die-casting-IPQC1.png\" class=\"wp-image-761\" style=\"aspect-ratio:1;object-fit:cover\" srcset=\"https:\/\/ygdiecasting.com\/wp-content\/uploads\/2025\/02\/Die-casting-IPQC1.png 600w, https:\/\/ygdiecasting.com\/wp-content\/uploads\/2025\/02\/Die-casting-IPQC1-300x300.png 300w, https:\/\/ygdiecasting.com\/wp-content\/uploads\/2025\/02\/Die-casting-IPQC1-150x150.png 150w\" sizes=\"(max-width: 600px) 100vw, 600px\" \/><\/figure>\n<\/div>\n<\/div>\n\n\n\n<div class=\"wp-block-columns is-layout-flex wp-container-core-columns-is-layout-3 wp-block-columns-is-layout-flex\" style=\"margin-top:0px;margin-bottom:120px\">\n<div class=\"wp-block-column is-layout-flow wp-block-column-is-layout-flow\">\n<figure class=\"wp-block-image size-full\"><img alt=\"\" decoding=\"async\" src=\"https:\/\/images.unsplash.com\/photo-1581090123826-27b62664de96?ixid=M3w1NjExMzd8MHwxfHNlYXJjaHwxOHx8ZHJhd2luZyUyMHNvZnR3YXJlJTIwfGVufDB8fHx8MTczMzk5MjgwNnww&amp;ixlib=rb-4.0.3&amp;fm=webp&amp;w=1024&amp;h=682&amp;fit=crop\" class=\"wp-image-1700\" style=\"aspect-ratio:1;object-fit:cover\"\/><\/figure>\n<\/div>\n\n\n\n<div class=\"wp-block-column is-vertically-aligned-center is-layout-flow wp-block-column-is-layout-flow\">\n<h2 class=\"wp-block-heading has-text-color\" style=\"color:#000000;margin-bottom:40px;font-size:clamp(24.034px, 1.502rem + ((1vw - 3.2px) * 1.814), 40px);line-height:1.2\">Shenzhen: Constru\u00eddo para fabrico de alta qualidade<\/h2>\n\n\n\n<p class=\"has-text-color\" style=\"color:#000000;margin-bottom:96px;font-size:clamp(14px, 0.875rem + ((1vw - 3.2px) * 0.682), 20px);line-height:1.6\">Operando em Shenzhen, damos prioridade a trabalhadores altamente qualificados e a uma cadeia de fornecimento madura em detrimento de alternativas de baixo custo. Somos especializados em fundi\u00e7\u00e3o de precis\u00e3o para eletr\u00f3nica de consumo e dispositivos inteligentes, fornecendo acabamentos de alta qualidade que satisfazem as mais rigorosas exig\u00eancias do mercado.<\/p>\n\n\n\n<div class=\"wp-block-buttons is-content-justification-center is-layout-flex wp-container-core-buttons-is-layout-1 wp-block-buttons-is-layout-flex\">\n<div class=\"wp-block-button has-custom-font-size\" style=\"font-size:clamp(14px, 0.875rem + ((1vw - 3.2px) * 0.114), 15px);font-style:normal;font-weight:500\"><a class=\"wp-block-button__link has-text-color has-background wp-element-button\" href=\"#contact-01\" style=\"border-style:none;border-width:0px;border-radius:0px;color:#ffffff;background-color:#d4967d;padding-top:20px;padding-right:100px;padding-bottom:20px;padding-left:100px\">Junte-se a n\u00f3s!<\/a><\/div>\n<\/div>\n<\/div>\n<\/div>\n<\/div><\/div>\n\n\n\n<div class=\"wp-block-cover alignwide is-light\"><span aria-hidden=\"true\" class=\"wp-block-cover__background has-background-dim-20 has-background-dim\"><\/span><div class=\"wp-block-cover__inner-container has-global-padding is-layout-constrained wp-block-cover-is-layout-constrained\">\n<h2 class=\"wp-block-heading has-custom-body-text-color-color has-text-color\" style=\"font-size:clamp(27.894px, 1.743rem + ((1vw - 3.2px) * 2.285), 48px);\">Controlamos o processo para que n\u00e3o tenha de o fazer<\/h2>\n\n\n\n<p style=\"font-size:clamp(14px, 0.875rem + ((1vw - 3.2px) * 0.682), 20px);\">Em <strong>YuGe<\/strong>Para resolver este problema, detemos o p\u00f3s-processamento cr\u00edtico e gerimos uma rede de fornecedores de confian\u00e7a para tratamentos especializados. Ao contr\u00e1rio dos fornecedores que apenas fornecem pe\u00e7as fundidas em bruto, n\u00f3s integramos a fundi\u00e7\u00e3o sob press\u00e3o, a maquina\u00e7\u00e3o e o acabamento para garantir a qualidade e a efici\u00eancia.<\/p>\n\n\n\n<ul class=\"wp-block-list\">\n<li style=\"font-size:clamp(14px, 0.875rem + ((1vw - 3.2px) * 0.682), 20px);\"><strong>Processos aut\u00f3nomos<\/strong>: Tratamos da rebarba\u00e7\u00e3o, da maquinagem CNC, do polimento, da grava\u00e7\u00e3o a laser, da pulveriza\u00e7\u00e3o e da cozedura internamente.<\/li>\n\n\n\n<li style=\"font-size:clamp(14px, 0.875rem + ((1vw - 3.2px) * 0.682), 20px);\"><strong>Rede de fornecedores estrat\u00e9gicos<\/strong>: Os nossos parceiros de eletroforese, galvanoplastia, PVD, anodiza\u00e7\u00e3o e oxida\u00e7\u00e3o qu\u00edmica seguem as nossas normas de qualidade rigorosas.<\/li>\n\n\n\n<li style=\"font-size:clamp(14px, 0.875rem + ((1vw - 3.2px) * 0.682), 20px);\"><strong>Linha de revestimento automatizada<\/strong>: O nosso <strong>As instala\u00e7\u00f5es de Dongguan disp\u00f5em de uma linha de pulveriza\u00e7\u00e3o automatizada<\/strong>garantindo um controlo superior do acabamento.<\/li>\n<\/ul>\n\n\n\n<p class=\"has-custom-body-text-color-color has-text-color\" style=\"margin-top:0px;margin-bottom:0px;padding-top:0px;padding-bottom:0px;font-size:clamp(14px, 0.875rem + ((1vw - 3.2px) * 0.682), 20px);font-style:normal;font-weight:400\">Esta abordagem elimina os lit\u00edgios com os fornecedores, reduz os prazos de entrega e garante <strong>pe\u00e7as consistentes e de alta qualidade para o consumidor<\/strong>.s.<\/p>\n<\/div><\/div>\n\n\n\n<div class=\"wp-block-cover alignfull is-light has-custom-body-text-color-color has-text-color wp-duotone-unset-1\" style=\"margin-top:0px;margin-bottom:0px;padding-top:0px;padding-bottom:96px;font-style:normal;font-weight:400\"><span aria-hidden=\"true\" class=\"wp-block-cover__background has-base-background-color has-background-dim-0 has-background-dim\"><\/span><div class=\"wp-block-cover__inner-container has-global-padding is-layout-constrained wp-container-core-cover-is-layout-4 wp-block-cover-is-layout-constrained\">\n<h2 class=\"wp-block-heading has-text-align-center has-text-color\" style=\"color:#000000;margin-bottom:10px;font-size:clamp(27.894px, 1.743rem + ((1vw - 3.2px) * 2.285), 48px);font-style:normal;font-weight:400;line-height:1.6\">Os nossos servi\u00e7os<\/h2>\n\n\n\n<div class=\"wp-block-columns is-layout-flex wp-container-core-columns-is-layout-4 wp-block-columns-is-layout-flex\" style=\"margin-top:0;margin-bottom:25px;padding-top:0;padding-bottom:0\">\n<div class=\"wp-block-column is-vertically-aligned-center is-layout-flow wp-block-column-is-layout-flow\">\n<h3 class=\"wp-block-heading has-text-color\" style=\"color:#000000;font-size:clamp(23.043px, 1.44rem + ((1vw - 3.2px) * 1.7), 38px);font-style:normal;font-weight:400;line-height:1.6\">Conce\u00e7\u00e3o de moldes<\/h3>\n<\/div>\n\n\n\n<div class=\"wp-block-column is-layout-flow wp-block-column-is-layout-flow\">\n<p class=\"has-text-color\" style=\"color:#0f0f0f;font-size:clamp(14px, 0.875rem + ((1vw - 3.2px) * 0.455), 18px);line-height:1.6\">O nosso servi\u00e7o de conce\u00e7\u00e3o de moldes d\u00e1 vida \u00e0s suas ideias. A nossa equipa especializada utiliza tecnologia avan\u00e7ada para criar moldes precisos que garantem a mais elevada qualidade em cada pe\u00e7a fundida. Vamos transformar a sua vis\u00e3o em realidade!<\/p>\n\n\n\n<p class=\"has-text-color has-link-color wp-elements-3cf38d41acd27c3348cea1aff8cef90e\" style=\"color:#000000;font-size:clamp(14px, 0.875rem + ((1vw - 3.2px) * 0.455), 18px);line-height:1.6\">Dura\u00e7\u00e3o: 2-3 semanas | Custo: A partir de $1500 | Comece j\u00e1!<\/p>\n<\/div>\n<\/div>\n\n\n\n<div class=\"wp-block-columns is-layout-flex wp-container-core-columns-is-layout-5 wp-block-columns-is-layout-flex\" style=\"margin-top:0;margin-bottom:25px;padding-top:0;padding-bottom:0\">\n<div class=\"wp-block-column is-vertically-aligned-center is-layout-flow wp-block-column-is-layout-flow\">\n<h3 class=\"wp-block-heading has-text-color\" style=\"color:#000000;font-size:clamp(23.043px, 1.44rem + ((1vw - 3.2px) * 1.7), 38px);font-style:normal;font-weight:400;line-height:1.5\">Fundi\u00e7\u00e3o injectada<\/h3>\n<\/div>\n\n\n\n<div class=\"wp-block-column is-layout-flow wp-block-column-is-layout-flow\">\n<p class=\"has-text-color\" style=\"color:#000000;font-size:clamp(14px, 0.875rem + ((1vw - 3.2px) * 0.455), 18px);line-height:1.6\">O nosso servi\u00e7o de fundi\u00e7\u00e3o injetada transforma mat\u00e9rias-primas em pe\u00e7as duradouras. Utilizando zinco, alum\u00ednio e magn\u00e9sio, garantimos precis\u00e3o e resist\u00eancia em cada pe\u00e7a. Confie em n\u00f3s para fornecer componentes de alta qualidade para os seus produtos!<\/p>\n\n\n\n<p class=\"has-text-color has-link-color wp-elements-2c16730d2ce05ce8d5953e0f20337a8f\" style=\"color:#000000;font-size:clamp(14px, 0.875rem + ((1vw - 3.2px) * 0.455), 18px);line-height:1.6\">Dura\u00e7\u00e3o: 1-7 dias| Custo: A partir de $1000 | Informe-se j\u00e1!<\/p>\n<\/div>\n<\/div>\n\n\n\n<div class=\"wp-block-columns is-layout-flex wp-container-core-columns-is-layout-6 wp-block-columns-is-layout-flex\" style=\"margin-top:0;margin-bottom:25px;padding-top:0;padding-bottom:0\">\n<div class=\"wp-block-column is-vertically-aligned-center is-layout-flow wp-block-column-is-layout-flow\">\n<h3 class=\"wp-block-heading has-text-color\" style=\"color:#000000;font-size:clamp(23.043px, 1.44rem + ((1vw - 3.2px) * 1.7), 38px);font-style:normal;font-weight:400;line-height:1.6\">Revestimento final<\/h3>\n<\/div>\n\n\n\n<div class=\"wp-block-column is-layout-flow wp-block-column-is-layout-flow\">\n<p class=\"has-text-color\" style=\"color:#000000;font-size:clamp(14px, 0.875rem + ((1vw - 3.2px) * 0.455), 18px);line-height:1.6\">O nosso servi\u00e7o de revestimento final re\u00fane tudo. Processamos habilmente as suas pe\u00e7as fundidas sob press\u00e3o em pe\u00e7as completas, garantindo funcionalidade e qualidade. Deixe-nos tratar dos pormenores, para que se possa concentrar na sua vis\u00e3o!<\/p>\n\n\n\n<p class=\"has-text-color has-link-color wp-elements-f90a59c0b0abc9afb1f362941e50dd91\" style=\"color:#000000;font-size:clamp(14px, 0.875rem + ((1vw - 3.2px) * 0.455), 18px);line-height:1.6\">Dura\u00e7\u00e3o: 1-3 semanas | Depende dos tipos de acabamento | Contacte-nos!<\/p>\n<\/div>\n<\/div>\n\n\n\n<div class=\"wp-block-columns is-layout-flex wp-container-core-columns-is-layout-7 wp-block-columns-is-layout-flex\" style=\"margin-top:0;margin-bottom:25px;padding-top:0;padding-bottom:0\">\n<div class=\"wp-block-column is-vertically-aligned-center is-layout-flow wp-block-column-is-layout-flow\">\n<h3 class=\"wp-block-heading has-text-color\" style=\"color:#000000;font-size:clamp(23.043px, 1.44rem + ((1vw - 3.2px) * 1.7), 38px);font-style:normal;font-weight:400;line-height:1.5\">Garantia de qualidade<\/h3>\n<\/div>\n\n\n\n<div class=\"wp-block-column is-layout-flow wp-block-column-is-layout-flow\">\n<p class=\"has-text-color\" style=\"color:#000000;font-size:clamp(14px, 0.875rem + ((1vw - 3.2px) * 0.455), 18px);line-height:1.6\">O nosso servi\u00e7o de garantia de qualidade assegura que todas as pe\u00e7as cumprem os nossos elevados padr\u00f5es. Realizamos inspec\u00e7\u00f5es minuciosas em cada fase, garantindo fiabilidade e excel\u00eancia. Conte connosco para pe\u00e7as em que pode confiar!<\/p>\n\n\n\n<p class=\"has-text-color has-link-color wp-elements-bc753cb95df700955c6a570659940aa1\" style=\"color:#000000;font-size:clamp(14px, 0.875rem + ((1vw - 3.2px) * 0.455), 18px);line-height:1.6\">Dura\u00e7\u00e3o: Em curso | Custo: Inclu\u00eddo | Saiba mais!<\/p>\n<\/div>\n<\/div>\n<\/div><\/div>\n\n\n\n<div class=\"wp-block-cover alignwide is-light has-text-color has-link-color wp-elements-46935c318d2c30460394fdbbe5eb3947\" style=\"color:#000000;margin-bottom:120px;padding-top:96px;padding-bottom:120px\" id=\"contact-01\"><span aria-hidden=\"true\" class=\"wp-block-cover__background has-background-dim-100 has-background-dim\" style=\"background-color:#dcd9d0\"><\/span><div class=\"wp-block-cover__inner-container has-global-padding is-layout-constrained wp-container-core-cover-is-layout-5 wp-block-cover-is-layout-constrained\">\n<div class=\"wp-block-columns is-layout-flex wp-container-core-columns-is-layout-8 wp-block-columns-is-layout-flex\">\n<div class=\"wp-block-column is-layout-flow wp-block-column-is-layout-flow\" style=\"padding-top:40px\">\n<h2 class=\"wp-block-heading has-text-color\" style=\"color:#000000;margin-bottom:40px;font-size:clamp(27.894px, 1.743rem + ((1vw - 3.2px) * 2.285), 48px);font-style:normal;font-weight:400;line-height:1.2\">Entre em contacto connosco!<\/h2>\n\n\n\n<p class=\"has-text-color\" style=\"color:#000000;padding-right:46px;font-size:clamp(14px, 0.875rem + ((1vw - 3.2px) * 0.682), 20px);line-height:1.6\"><strong>O que ganha com o YuGe<\/strong><\/p>\n\n\n\n<p class=\"has-text-color\" style=\"color:#000000;padding-right:46px;font-size:clamp(14px, 0.875rem + ((1vw - 3.2px) * 0.227), 16px);line-height:1.6\">\u2705 <strong>Fundi\u00e7\u00e3o injectada e acabamento num s\u00f3 local<\/strong>-Cadeia de abastecimento simplificada, maior rapidez de execu\u00e7\u00e3o.<br>\u2705 <strong>Controlo de qualidade do in\u00edcio ao fim<\/strong>-Redu\u00e7\u00e3o das taxas de defeitos e de retrabalho.<br>\u2705 <strong>Produ\u00e7\u00e3o mais r\u00e1pida e mais fi\u00e1vel<\/strong>-n\u00e3o h\u00e1 mais atrasos dos fornecedores.<br>\u2705 <strong>Um parceiro de fabrico empenhado<\/strong>-o vosso sucesso \u00e9 o nosso sucesso.<\/p>\n<\/div>\n\n\n\n<div class=\"wp-block-column is-layout-flow wp-block-column-is-layout-flow\" style=\"flex-basis:50%\">\n<div class=\"wp-block-group has-global-padding is-layout-constrained wp-block-group-is-layout-constrained\" style=\"margin-top:0rem;margin-bottom:0px\"><style id=\"wpforms-css-vars-68-block-9baf4960-36d7-4262-a625-4e59365911a4\">\n\t\t\t\t#wpforms-68.wpforms-block-9baf4960-36d7-4262-a625-4e59365911a4 {\n\t\t\t\t--wpforms-label-color: #3f4a4f;\n--wpforms-field-border-radius: 0px;\n--wpforms-field-background-color: #fbfbfb;\n--wpforms-button-border-radius: 0px;\n--wpforms-button-background-color: #d49d89;\n--wpforms-field-border-size: 2px;\n--wpforms-field-size-input-height: 43px;\n--wpforms-field-size-input-spacing: 15px;\n--wpforms-field-size-font-size: 16px;\n--wpforms-field-size-line-height: 19px;\n--wpforms-field-size-padding-h: 14px;\n--wpforms-field-size-checkbox-size: 16px;\n--wpforms-field-size-sublabel-spacing: 5px;\n--wpforms-field-size-icon-size: 1;\n--wpforms-label-size-font-size: 16px;\n--wpforms-label-size-line-height: 19px;\n--wpforms-label-size-sublabel-font-size: 14px;\n--wpforms-label-size-sublabel-line-height: 17px;\n--wpforms-button-size-font-size: 20px;\n--wpforms-button-size-height: 48px;\n--wpforms-button-size-padding-h: 20px;\n--wpforms-button-size-margin-top: 15px;\n\n\t\t\t}\n\t\t\t<\/style><div class=\"wpforms-container wpforms-container-full wpforms-block wpforms-block-9baf4960-36d7-4262-a625-4e59365911a4 wpforms-render-modern\" id=\"wpforms-68\"><form id=\"wpforms-form-68\" class=\"wpforms-validate wpforms-form wpforms-ajax-form\" data-formid=\"68\" method=\"post\" enctype=\"multipart\/form-data\" action=\"\/pt\/wp-json\/wp\/v2\/pages\/17\" data-token=\"2d7c0143bb2d578643e48fcf5754b26f\" data-token-time=\"1775554028\" data-trp-original-action=\"\/pt\/wp-json\/wp\/v2\/pages\/17\"><noscript class=\"wpforms-error-noscript\">Active o JavaScript no seu browser para preencher este formul\u00e1rio.<\/noscript><div class=\"wpforms-hidden\" id=\"wpforms-error-noscript\">Active o JavaScript no seu browser para preencher este formul\u00e1rio.<\/div><div class=\"wpforms-field-container\"><div id=\"wpforms-68-field_1-container\" class=\"wpforms-field wpforms-field-name\" data-field-id=\"1\"><input type=\"text\" id=\"wpforms-68-field_1\" class=\"wpforms-field-large wpforms-field-required\" name=\"wpforms[fields][1]\" placeholder=\"Como prefere ser chamado?\" aria-errormessage=\"wpforms-68-field_1-error\" required><\/div><div id=\"wpforms-68-field_2-container\" class=\"wpforms-field wpforms-field-email\" data-field-id=\"2\"><label class=\"wpforms-field-label\" for=\"wpforms-68-field_2\">Correio eletr\u00f3nico <span class=\"wpforms-required-label\" aria-hidden=\"true\">*<\/span><\/label><input type=\"email\" id=\"wpforms-68-field_2\" class=\"wpforms-field-large wpforms-field-required\" name=\"wpforms[fields][2]\" placeholder=\"Fique tranquilo, todas as informa\u00e7\u00f5es s\u00e3o mantidas estritamente confidenciais.\" spellcheck=\"false\" aria-errormessage=\"wpforms-68-field_2-error\" required><\/div><div id=\"wpforms-68-field_4-container\" class=\"wpforms-field wpforms-field-text\" data-field-id=\"4\"><label class=\"wpforms-field-label\" for=\"wpforms-68-field_4\">Telefone<\/label><input type=\"text\" id=\"wpforms-68-field_4\" class=\"wpforms-field-medium\" name=\"wpforms[fields][4]\" placeholder=\"Apenas quando o nosso correio eletr\u00f3nico de resposta ao inqu\u00e9rito estiver bloqueado.\" aria-errormessage=\"wpforms-68-field_4-error\" ><\/div><div id=\"wpforms-68-field_3-container\" class=\"wpforms-field wpforms-field-textarea\" data-field-id=\"3\"><label class=\"wpforms-field-label\" for=\"wpforms-68-field_3\">Mensagem <span class=\"wpforms-required-label\" aria-hidden=\"true\">*<\/span><\/label><textarea id=\"wpforms-68-field_3\" class=\"wpforms-field-medium wpforms-field-required\" name=\"wpforms[fields][3]\" placeholder=\"Quanto mais informa\u00e7\u00f5es fornecer, melhor ser\u00e1 a avalia\u00e7\u00e3o do seu projeto.\" aria-errormessage=\"wpforms-68-field_3-error\" required><\/textarea><\/div><\/div><!-- .wpforms-field-container --><div class=\"wpforms-submit-container\" ><input type=\"hidden\" name=\"wpforms[id]\" value=\"68\"><input type=\"hidden\" name=\"page_title\" value=\"\"><input type=\"hidden\" name=\"page_url\" value=\"https:\/\/ygdiecasting.com\/pt\/wp-json\/wp\/v2\/pages\/17\"><input type=\"hidden\" name=\"url_referer\" value=\"\"><button type=\"submit\" name=\"wpforms[submit]\" id=\"wpforms-submit-68\" class=\"wpforms-submit\" data-alt-text=\"Sending...\" data-submit-text=\"Submit\" aria-live=\"assertive\" value=\"wpforms-submit\">Enviar<\/button><img decoding=\"async\" src=\"https:\/\/ygdiecasting.com\/wp-content\/plugins\/wpforms-lite\/assets\/images\/submit-spin.svg\" class=\"wpforms-submit-spinner\" style=\"display: none;\" width=\"26\" height=\"26\" alt=\"Loading\"><\/div><input type=\"hidden\" name=\"trp-form-language\" value=\"pt\"\/><\/form><\/div>  <!-- .wpforms-container --><\/div>\n<\/div>\n<\/div>\n<\/div><\/div>\n\n\n\n<div class=\"wp-block-cover alignfull\" style=\"margin-top:0;margin-bottom:0;padding-top:120px;padding-bottom:120px;min-height:66vh;aspect-ratio:unset;\"><span aria-hidden=\"true\" class=\"wp-block-cover__background has-background-dim-40 has-background-dim\" style=\"background-color:#495a58\"><\/span><img decoding=\"async\" width=\"1280\" height=\"720\" class=\"wp-block-cover__image-background wp-image-751\" alt=\"checking the polished objects quality\" src=\"https:\/\/ygdiecasting.com\/wp-content\/uploads\/2025\/02\/polishing-IPQC.png\" style=\"object-position:53% 100%\" data-object-fit=\"cover\" data-object-position=\"53% 100%\" srcset=\"https:\/\/ygdiecasting.com\/wp-content\/uploads\/2025\/02\/polishing-IPQC.png 1280w, https:\/\/ygdiecasting.com\/wp-content\/uploads\/2025\/02\/polishing-IPQC-300x169.png 300w, https:\/\/ygdiecasting.com\/wp-content\/uploads\/2025\/02\/polishing-IPQC-1024x576.png 1024w, https:\/\/ygdiecasting.com\/wp-content\/uploads\/2025\/02\/polishing-IPQC-768x432.png 768w\" sizes=\"(max-width: 1280px) 100vw, 1280px\" \/><div class=\"wp-block-cover__inner-container has-global-padding is-layout-constrained wp-container-core-cover-is-layout-6 wp-block-cover-is-layout-constrained\">\n<h2 class=\"wp-block-heading alignwide has-text-align-center has-text-color\" style=\"color:#fffefe;padding-top:0px;padding-bottom:30px;font-size:clamp(21.536px, 1.346rem + ((1vw - 3.2px) * 1.53), 35px);font-style:normal;font-weight:400;line-height:1.4\"><strong>Na YuGe, n\u00e3o nos limitamos a fabricar pe\u00e7as - resolvemos desafios de fabrico. Vamos construir algo excecional juntos.<\/strong><\/h2>\n\n\n\n<div class=\"wp-block-buttons is-content-justification-center is-layout-flex wp-container-core-buttons-is-layout-2 wp-block-buttons-is-layout-flex\">\n<div class=\"wp-block-button has-custom-font-size\" style=\"font-size:clamp(14px, 0.875rem + ((1vw - 3.2px) * 0.114), 15px);font-style:normal;font-weight:500\"><a class=\"wp-block-button__link has-text-color has-background wp-element-button\" href=\"#contact-01\" style=\"border-style:none;border-width:0px;border-radius:0px;color:#ffffff;background-color:#d4967d;padding-top:24px;padding-right:160px;padding-bottom:24px;padding-left:160px\">Contacte-nos agora!<\/a><\/div>\n<\/div>\n<\/div><\/div>\n\n\n\n<p><\/p>","protected":false},"excerpt":{"rendered":"","protected":false},"author":1,"featured_media":0,"parent":0,"menu_order":0,"comment_status":"closed","ping_status":"closed","template":"","meta":{"_seopress_robots_primary_cat":"","_seopress_titles_title":"","_seopress_titles_desc":"","_seopress_robots_index":"","footnotes":""},"class_list":["post-17","page","type-page","status-publish","hentry"],"_links":{"self":[{"href":"https:\/\/ygdiecasting.com\/pt\/wp-json\/wp\/v2\/pages\/17","targetHints":{"allow":["GET"]}}],"collection":[{"href":"https:\/\/ygdiecasting.com\/pt\/wp-json\/wp\/v2\/pages"}],"about":[{"href":"https:\/\/ygdiecasting.com\/pt\/wp-json\/wp\/v2\/types\/page"}],"author":[{"embeddable":true,"href":"https:\/\/ygdiecasting.com\/pt\/wp-json\/wp\/v2\/users\/1"}],"replies":[{"embeddable":true,"href":"https:\/\/ygdiecasting.com\/pt\/wp-json\/wp\/v2\/comments?post=17"}],"version-history":[{"count":20,"href":"https:\/\/ygdiecasting.com\/pt\/wp-json\/wp\/v2\/pages\/17\/revisions"}],"predecessor-version":[{"id":1221,"href":"https:\/\/ygdiecasting.com\/pt\/wp-json\/wp\/v2\/pages\/17\/revisions\/1221"}],"wp:attachment":[{"href":"https:\/\/ygdiecasting.com\/pt\/wp-json\/wp\/v2\/media?parent=17"}],"curies":[{"name":"wp","href":"https:\/\/api.w.org\/{rel}","templated":true}]}}