{"id":19,"date":"2024-12-11T08:08:43","date_gmt":"2024-12-11T08:08:43","guid":{"rendered":"https:\/\/ygdiecasting.com\/?page_id=19"},"modified":"2025-03-14T16:48:11","modified_gmt":"2025-03-14T16:48:11","slug":"case-study","status":"publish","type":"page","link":"https:\/\/ygdiecasting.com\/pt\/case-study\/","title":{"rendered":"Estudo de caso"},"content":{"rendered":"<div class=\"wp-block-cover alignfull\" style=\"margin-top:0;margin-bottom:0;padding-bottom:20vh;min-height:100vh;aspect-ratio:unset;\"><span aria-hidden=\"true\" class=\"wp-block-cover__background has-background-dim-40 has-background-dim\" style=\"background-color:#3f4a49\"><\/span><img alt=\"\" decoding=\"async\" class=\"wp-block-cover__image-background wp-image-2713\" src=\"https:\/\/images.unsplash.com\/photo-1700727448686-b314cb5f9948?ixid=M3w1NjExMzd8MHwxfHNlYXJjaHwyNXx8ZGllLWNhc3RpbmclMjBtYW51ZmFjdHVyaW5nfGVufDB8fHx8MTczMzkyOTQwNXww&amp;ixlib=rb-4.0.3&amp;fm=webp&amp;w=1920\" style=\"object-position:50% 51%\" data-object-fit=\"cover\" data-object-position=\"50% 51%\"\/><div class=\"wp-block-cover__inner-container has-global-padding is-layout-constrained wp-container-core-cover-is-layout-1 wp-block-cover-is-layout-constrained\">\n<div class=\"wp-block-columns is-layout-flex wp-container-core-columns-is-layout-1 wp-block-columns-is-layout-flex\">\n<div class=\"wp-block-column is-layout-flow wp-block-column-is-layout-flow\">\n<h1 class=\"wp-block-heading has-text-align-center has-text-color\" style=\"color:#ffffff;margin-top:60px;margin-bottom:0px;font-size:clamp(29.768px, 1.861rem + ((1vw - 3.2px) * 2.526), 52px);font-style:normal;font-weight:400;line-height:1.2\">Solu\u00e7\u00f5es especializadas de fundi\u00e7\u00e3o injectada para produtos de consumo!<\/h1>\n<\/div>\n<\/div>\n<\/div><\/div>\n\n\n\n<div class=\"wp-block-cover alignfull is-light has-custom-body-text-color-color has-text-color\" style=\"padding-top:96px;padding-bottom:96px\"><span aria-hidden=\"true\" class=\"wp-block-cover__background has-base-background-color has-background-dim-0 has-background-dim\"><\/span><div class=\"wp-block-cover__inner-container has-global-padding is-layout-constrained wp-container-core-cover-is-layout-2 wp-block-cover-is-layout-constrained\">\n<h2 class=\"wp-block-heading has-text-align-center has-text-color\" style=\"color:#000000;padding-bottom:160px;font-size:clamp(29.768px, 1.861rem + ((1vw - 3.2px) * 2.526), 52px);font-style:normal;font-weight:400;line-height:1.2\">Os nossos servi\u00e7os<\/h2>\n\n\n\n<div class=\"wp-block-columns is-layout-flex wp-container-core-columns-is-layout-2 wp-block-columns-is-layout-flex\" style=\"margin-top:0px;margin-bottom:70px;padding-top:0px;padding-bottom:0px\">\n<div class=\"wp-block-column is-layout-flow wp-block-column-is-layout-flow\">\n<figure class=\"wp-block-image aligncenter size-full is-resized\"><img alt=\"\" decoding=\"async\" src=\"https:\/\/tyler.com\/wp-content\/uploads\/2023\/10\/counseling.png\" class=\"wp-image-2751\" style=\"width:80px;height:undefinedpx\"\/><\/figure>\n\n\n\n<h3 class=\"wp-block-heading has-text-align-center has-text-color\" style=\"color:#000000;padding-top:20px;padding-bottom:20px;font-size:clamp(17.371px, 1.086rem + ((1vw - 3.2px) * 1.094), 27px);font-style:normal;font-weight:400;line-height:1.5\">Conce\u00e7\u00e3o de moldes<\/h3>\n\n\n\n<p class=\"has-text-align-center has-text-color has-link-color wp-elements-8f8618966dd0103346c7d953bb60f19f\" style=\"color:#000000;font-size:clamp(14px, 0.875rem + ((1vw - 3.2px) * 0.455), 18px);\">O nosso servi\u00e7o de conce\u00e7\u00e3o de moldes \u00e9 a espinha dorsal do nosso processo de fundi\u00e7\u00e3o injectada. Criamos moldes precisos e eficientes, adaptados \u00e0s necessidades do seu produto. Com tecnologia avan\u00e7ada e especialistas qualificados, garantimos resultados de alta qualidade. Deixe-nos transformar as suas ideias em realidade com moldes que se adaptam sempre na perfei\u00e7\u00e3o!<\/p>\n\n\n\n<p class=\"has-text-align-center has-text-color\" style=\"color:#000000;font-size:clamp(14px, 0.875rem + ((1vw - 3.2px) * 0.455), 18px);line-height:1.6\">Prazo de entrega: 2-3 semanas | A partir de: $1,500<\/p>\n<\/div>\n\n\n\n<div class=\"wp-block-column is-layout-flow wp-block-column-is-layout-flow\">\n<figure class=\"wp-block-image aligncenter size-full is-resized\"><img alt=\"\" decoding=\"async\" src=\"https:\/\/tyler.com\/wp-content\/uploads\/2023\/10\/mental-illness.png\" class=\"wp-image-2752\" style=\"width:80px;height:undefinedpx\"\/><\/figure>\n\n\n\n<h3 class=\"wp-block-heading has-text-align-center has-text-color\" style=\"color:#000000;padding-top:20px;padding-bottom:20px;font-size:clamp(17.371px, 1.086rem + ((1vw - 3.2px) * 1.094), 27px);font-style:normal;font-weight:400;line-height:1.5\">Fundi\u00e7\u00e3o injectada<\/h3>\n\n\n\n<p class=\"has-text-align-center has-text-color has-link-color wp-elements-18339e70e87ea9c0b8123d9ccde4ba47\" style=\"color:#000000;font-size:clamp(14px, 0.875rem + ((1vw - 3.2px) * 0.455), 18px);\">O nosso servi\u00e7o de fundi\u00e7\u00e3o injectada fornece pe\u00e7as de alta qualidade utilizando zinco, alum\u00ednio e magn\u00e9sio. Este processo assegura componentes fortes e leves, adaptados aos seus produtos de consumo. Com a nossa experi\u00eancia, garantimos precis\u00e3o e durabilidade em cada pe\u00e7a, dando ao seu produto a vantagem que ele merece!<\/p>\n\n\n\n<p class=\"has-text-align-center has-text-color\" style=\"color:#000000;font-size:clamp(14px, 0.875rem + ((1vw - 3.2px) * 0.455), 18px);line-height:1.6\">Prazo de entrega: 1-7 dias | In\u00edcio a partir de: $1,000<\/p>\n<\/div>\n<\/div>\n\n\n\n<div class=\"wp-block-columns is-layout-flex wp-container-core-columns-is-layout-3 wp-block-columns-is-layout-flex\" style=\"padding-top:40px;padding-bottom:0px\">\n<div class=\"wp-block-column is-layout-flow wp-block-column-is-layout-flow\">\n<figure class=\"wp-block-image aligncenter size-full is-resized\"><img alt=\"\" decoding=\"async\" src=\"https:\/\/tyler.com\/wp-content\/uploads\/2023\/10\/therapy.png\" class=\"wp-image-2753\" style=\"width:80px;height:undefinedpx\"\/><\/figure>\n\n\n\n<h3 class=\"wp-block-heading has-text-align-center has-text-color\" style=\"color:#000000;padding-top:20px;padding-bottom:20px;font-size:clamp(17.371px, 1.086rem + ((1vw - 3.2px) * 1.094), 27px);font-style:normal;font-weight:400;line-height:1.5\">P\u00f3s-processamento<\/h3>\n\n\n\n<p class=\"has-text-align-center has-text-color has-link-color wp-elements-3d2232a804ae719ff33c03b8681b1b39\" style=\"color:#000000;font-size:clamp(14px, 0.875rem + ((1vw - 3.2px) * 0.455), 18px);\">O nosso servi\u00e7o de p\u00f3s-processamento d\u00e1 os toques finais de que as suas pe\u00e7as necessitam. Oferecemos tratamentos de superf\u00edcie, polimento e revestimento para melhorar o aspeto e a durabilidade. Este passo garante que os seus produtos n\u00e3o s\u00f3 funcionam bem, como tamb\u00e9m t\u00eam um \u00f3timo aspeto, prontos a impressionar os seus clientes logo \u00e0 sa\u00edda da caixa!<\/p>\n\n\n\n<p class=\"has-text-align-center has-text-color\" style=\"color:#000000;font-size:clamp(14px, 0.875rem + ((1vw - 3.2px) * 0.455), 18px);line-height:1.6\">Prazo de entrega: 1-2 semanas | Depende do tipo de acabamento final<\/p>\n<\/div>\n\n\n\n<div class=\"wp-block-column is-layout-flow wp-block-column-is-layout-flow\">\n<figure class=\"wp-block-image aligncenter size-full is-resized\"><img alt=\"\" decoding=\"async\" src=\"https:\/\/tyler.com\/wp-content\/uploads\/2023\/10\/virtual-assistant.png\" class=\"wp-image-2754\" style=\"width:80px;height:undefinedpx\"\/><\/figure>\n\n\n\n<h3 class=\"wp-block-heading has-text-align-center has-text-color\" style=\"color:#000000;padding-top:20px;padding-bottom:20px;font-size:clamp(17.371px, 1.086rem + ((1vw - 3.2px) * 1.094), 27px);font-style:normal;font-weight:400;line-height:1.5\">Inspe\u00e7\u00e3o final<\/h3>\n\n\n\n<p class=\"has-text-align-center has-text-color has-link-color wp-elements-8f3f64876a8c54609d61757bb25899c4\" style=\"color:#000000;font-size:clamp(14px, 0.875rem + ((1vw - 3.2px) * 0.455), 18px);\">Fazemos a verifica\u00e7\u00e3o 100% das suas pe\u00e7as, pe\u00e7a a pe\u00e7a, com a nossa aten\u00e7\u00e3o ao pormenor, o nosso servi\u00e7o de inspe\u00e7\u00e3o final garante que todas as pe\u00e7as finais est\u00e3o num padr\u00e3o pronto a ser montado! Este servi\u00e7o inclui tamb\u00e9m a etiquetagem, a deforma\u00e7\u00e3o \u00e0 prova de estirpe e a embalagem, para garantir que a pe\u00e7a chega at\u00e9 si s\u00e3 e salva.<\/p>\n\n\n\n<p class=\"has-text-align-center has-text-color\" style=\"color:#000000;font-size:clamp(14px, 0.875rem + ((1vw - 3.2px) * 0.455), 18px);line-height:1.6\">Prazo de execu\u00e7\u00e3o: 1-7 dias | Armazenamento gratuito no prazo de 5 dias<\/p>\n<\/div>\n<\/div>\n<\/div><\/div>\n\n\n\n<div class=\"wp-block-cover alignfull is-light\" style=\"margin-top:0px;margin-bottom:0px;padding-top:116px;padding-bottom:116px;min-height:66vh;aspect-ratio:unset;\"><span aria-hidden=\"true\" class=\"wp-block-cover__background has-background-dim-100 has-background-dim\" style=\"background-color:#dcd9d0\"><\/span><div class=\"wp-block-cover__inner-container has-global-padding is-layout-constrained wp-container-core-cover-is-layout-3 wp-block-cover-is-layout-constrained\">\n<div class=\"wp-block-columns is-layout-flex wp-container-core-columns-is-layout-4 wp-block-columns-is-layout-flex\">\n<div class=\"wp-block-column is-layout-flow wp-block-column-is-layout-flow\" style=\"flex-basis:50%\">\n<figure class=\"wp-block-image size-full\"><img alt=\"\" decoding=\"async\" src=\"https:\/\/images.unsplash.com\/photo-1733796941440-9935f13a1cec?ixid=M3w1NjExMzd8MHwxfHNlYXJjaHw0Nnx8bWFuYWdlcnxlbnwwfHx8fDE3MzM5OTQ4NTF8MA&amp;ixlib=rb-4.0.3&amp;fm=webp&amp;w=1024&amp;h=682&amp;fit=crop\" class=\"wp-image-1711\" style=\"aspect-ratio:4\/3;object-fit:cover\"\/><\/figure>\n<\/div>\n\n\n\n<div class=\"wp-block-column has-base-background-color has-background is-layout-flow wp-block-column-is-layout-flow\" style=\"padding-top:60px;padding-right:60px;padding-bottom:60px;padding-left:60px\">\n<p class=\"has-text-color has-link-color wp-elements-f7c56d4c2dca81c24d6d85037960636c\" style=\"color:#000000;font-size:clamp(22.041px, 1.378rem + ((1vw - 3.2px) * 1.586), 36px);line-height:1.3\">Trabalhar com esta equipa transformou o nosso produto! A qualidade e a rapidez excederam as nossas expectativas. Recomendo vivamente os seus servi\u00e7os!<\/p>\n\n\n\n<p class=\"has-text-color\" style=\"color:#000000;font-size:clamp(14px, 0.875rem + ((1vw - 3.2px) * 0.455), 18px);line-height:1.6;text-transform:uppercase\">Gestor de produtos, TechCo<\/p>\n<\/div>\n<\/div>\n<\/div><\/div>\n\n\n\n<div class=\"wp-block-cover alignfull\" style=\"margin-top:0px;margin-bottom:0px;padding-top:140px;padding-bottom:140px;min-height:66vh;aspect-ratio:unset;\"><span aria-hidden=\"true\" class=\"wp-block-cover__background has-background-dim-100 has-background-dim\" style=\"background-color:#495a58\"><\/span><div class=\"wp-block-cover__inner-container has-global-padding is-layout-constrained wp-container-core-cover-is-layout-4 wp-block-cover-is-layout-constrained\">\n<h2 class=\"wp-block-heading has-text-align-center has-text-color\" style=\"color:#ffffff;padding-top:0;padding-bottom:0;font-size:clamp(29.768px, 1.861rem + ((1vw - 3.2px) * 2.526), 52px);font-style:normal;font-weight:400;line-height:1\">Entre em contacto connosco hoje mesmo!<\/h2>\n\n\n\n<h2 class=\"wp-block-heading has-text-align-center has-text-color has-link-color wp-elements-1460ce08b69a68fcc0ccb16c8c267cb9\" style=\"color:#ffffff;padding-top:0;padding-bottom:0;font-size:clamp(29.768px, 1.861rem + ((1vw - 3.2px) * 2.526), 52px);font-style:normal;font-weight:400;line-height:1\"><a href=\"https:\/\/ygdiecasting.com\/pt\/contact\/\" data-type=\"page\" data-id=\"21\">Contacte-nos agora!<\/a><\/h2>\n<\/div><\/div>","protected":false},"excerpt":{"rendered":"","protected":false},"author":1,"featured_media":0,"parent":0,"menu_order":0,"comment_status":"closed","ping_status":"closed","template":"","meta":{"_seopress_robots_primary_cat":"","_seopress_titles_title":"","_seopress_titles_desc":"","_seopress_robots_index":"","footnotes":""},"class_list":["post-19","page","type-page","status-publish","hentry"],"_links":{"self":[{"href":"https:\/\/ygdiecasting.com\/pt\/wp-json\/wp\/v2\/pages\/19","targetHints":{"allow":["GET"]}}],"collection":[{"href":"https:\/\/ygdiecasting.com\/pt\/wp-json\/wp\/v2\/pages"}],"about":[{"href":"https:\/\/ygdiecasting.com\/pt\/wp-json\/wp\/v2\/types\/page"}],"author":[{"embeddable":true,"href":"https:\/\/ygdiecasting.com\/pt\/wp-json\/wp\/v2\/users\/1"}],"replies":[{"embeddable":true,"href":"https:\/\/ygdiecasting.com\/pt\/wp-json\/wp\/v2\/comments?post=19"}],"version-history":[{"count":6,"href":"https:\/\/ygdiecasting.com\/pt\/wp-json\/wp\/v2\/pages\/19\/revisions"}],"predecessor-version":[{"id":1222,"href":"https:\/\/ygdiecasting.com\/pt\/wp-json\/wp\/v2\/pages\/19\/revisions\/1222"}],"wp:attachment":[{"href":"https:\/\/ygdiecasting.com\/pt\/wp-json\/wp\/v2\/media?parent=19"}],"curies":[{"name":"wp","href":"https:\/\/api.w.org\/{rel}","templated":true}]}}