{"id":21,"date":"2024-12-11T08:09:04","date_gmt":"2024-12-11T08:09:04","guid":{"rendered":"https:\/\/ygdiecasting.com\/?page_id=21"},"modified":"2025-03-14T16:49:34","modified_gmt":"2025-03-14T16:49:34","slug":"contact","status":"publish","type":"page","link":"https:\/\/ygdiecasting.com\/pt\/contact\/","title":{"rendered":"Contacto"},"content":{"rendered":"<div class=\"wp-block-cover alignfull\" style=\"margin-top:0;margin-bottom:0;padding-bottom:20vh;min-height:85vh;aspect-ratio:unset;\"><span aria-hidden=\"true\" class=\"wp-block-cover__background has-background-dim-40 has-background-dim\" style=\"background-color:#3f4a49\"><\/span><img alt=\"\" decoding=\"async\" class=\"wp-block-cover__image-background wp-image-2712\" src=\"https:\/\/images.unsplash.com\/photo-1526406915894-7bcd65f60845?ixid=M3w1NjExMzd8MHwxfHNlYXJjaHw0NXx8ZWxlY3Ryb25pY3MlMjBwYXJ0c3xlbnwwfHx8fDE3MzM5OTU0ODN8MA&amp;ixlib=rb-4.0.3&amp;fm=webp&amp;w=1920\" style=\"object-position:56% 80%\" data-object-fit=\"cover\" data-object-position=\"56% 80%\"\/><div class=\"wp-block-cover__inner-container has-global-padding is-layout-constrained wp-container-core-cover-is-layout-1 wp-block-cover-is-layout-constrained\">\n<div class=\"wp-block-columns is-layout-flex wp-container-core-columns-is-layout-1 wp-block-columns-is-layout-flex\">\n<div class=\"wp-block-column is-layout-flow wp-block-column-is-layout-flow\">\n<h1 class=\"wp-block-heading has-text-align-center has-text-color\" style=\"color:#ffffff;margin-top:60px;margin-bottom:0px;font-size:clamp(29.768px, 1.861rem + ((1vw - 3.2px) * 2.526), 52px);font-style:normal;font-weight:400;line-height:1.2\">Vamos dar vida \u00e0s suas ideias - contacte-nos hoje mesmo!<\/h1>\n<\/div>\n<\/div>\n<\/div><\/div>\n\n\n\n<div class=\"wp-block-cover alignwide is-light has-text-color has-link-color wp-elements-79c72194104dbaa1d0c29e8aa25af41e\" style=\"color:#000000;margin-bottom:120px;padding-top:96px;padding-bottom:120px\"><span aria-hidden=\"true\" class=\"wp-block-cover__background has-background-dim-100 has-background-dim\" style=\"background-color:#dcd9d0\"><\/span><div class=\"wp-block-cover__inner-container has-global-padding is-layout-constrained wp-container-core-cover-is-layout-2 wp-block-cover-is-layout-constrained\">\n<div class=\"wp-block-columns is-layout-flex wp-container-core-columns-is-layout-2 wp-block-columns-is-layout-flex\">\n<div class=\"wp-block-column is-layout-flow wp-block-column-is-layout-flow\" style=\"padding-top:40px\">\n<h2 class=\"wp-block-heading has-text-color\" style=\"color:#000000;margin-bottom:40px;font-size:clamp(27.894px, 1.743rem + ((1vw - 3.2px) * 2.285), 48px);font-style:normal;font-weight:400;line-height:1.2\">Entre em contacto connosco!<\/h2>\n\n\n\n<p class=\"has-text-color\" style=\"color:#000000;padding-right:46px;font-size:clamp(14px, 0.875rem + ((1vw - 3.2px) * 0.682), 20px);line-height:1.6\"><strong>O que ganha com o YuGe<\/strong><\/p>\n\n\n\n<p class=\"has-text-color\" style=\"color:#000000;padding-right:46px;font-size:clamp(14px, 0.875rem + ((1vw - 3.2px) * 0.227), 16px);line-height:1.6\">\u2705 <strong>Fundi\u00e7\u00e3o injectada e acabamento num s\u00f3 local<\/strong>-Cadeia de abastecimento simplificada, maior rapidez de execu\u00e7\u00e3o.<br>\u2705 <strong>Controlo de qualidade do in\u00edcio ao fim<\/strong>-Redu\u00e7\u00e3o das taxas de defeitos e de retrabalho.<br>\u2705 <strong>Produ\u00e7\u00e3o mais r\u00e1pida e mais fi\u00e1vel<\/strong>-n\u00e3o h\u00e1 mais atrasos dos fornecedores.<br>\u2705 <strong>Um parceiro de fabrico empenhado<\/strong>-o vosso sucesso \u00e9 o nosso sucesso.<\/p>\n<\/div>\n\n\n\n<div class=\"wp-block-column is-layout-flow wp-block-column-is-layout-flow\" style=\"flex-basis:50%\">\n<div class=\"wp-block-group has-global-padding is-layout-constrained wp-block-group-is-layout-constrained\" style=\"margin-top:0rem;margin-bottom:0px\"><style id=\"wpforms-css-vars-68-block-9baf4960-36d7-4262-a625-4e59365911a4\">\n\t\t\t\t#wpforms-68.wpforms-block-9baf4960-36d7-4262-a625-4e59365911a4 {\n\t\t\t\t--wpforms-label-color: #3f4a4f;\n--wpforms-field-border-radius: 0px;\n--wpforms-field-background-color: #fbfbfb;\n--wpforms-button-border-radius: 0px;\n--wpforms-button-background-color: #d49d89;\n--wpforms-field-border-size: 2px;\n--wpforms-field-size-input-height: 43px;\n--wpforms-field-size-input-spacing: 15px;\n--wpforms-field-size-font-size: 16px;\n--wpforms-field-size-line-height: 19px;\n--wpforms-field-size-padding-h: 14px;\n--wpforms-field-size-checkbox-size: 16px;\n--wpforms-field-size-sublabel-spacing: 5px;\n--wpforms-field-size-icon-size: 1;\n--wpforms-label-size-font-size: 16px;\n--wpforms-label-size-line-height: 19px;\n--wpforms-label-size-sublabel-font-size: 14px;\n--wpforms-label-size-sublabel-line-height: 17px;\n--wpforms-button-size-font-size: 20px;\n--wpforms-button-size-height: 48px;\n--wpforms-button-size-padding-h: 20px;\n--wpforms-button-size-margin-top: 15px;\n\n\t\t\t}\n\t\t\t<\/style><div class=\"wpforms-container wpforms-container-full wpforms-block wpforms-block-9baf4960-36d7-4262-a625-4e59365911a4 wpforms-render-modern\" id=\"wpforms-68\"><form id=\"wpforms-form-68\" class=\"wpforms-validate wpforms-form wpforms-ajax-form\" data-formid=\"68\" method=\"post\" enctype=\"multipart\/form-data\" action=\"\/pt\/wp-json\/wp\/v2\/pages\/21\" data-token=\"2d7c0143bb2d578643e48fcf5754b26f\" data-token-time=\"1775553946\" data-trp-original-action=\"\/pt\/wp-json\/wp\/v2\/pages\/21\"><noscript class=\"wpforms-error-noscript\">Active o JavaScript no seu browser para preencher este formul\u00e1rio.<\/noscript><div class=\"wpforms-hidden\" id=\"wpforms-error-noscript\">Active o JavaScript no seu browser para preencher este formul\u00e1rio.<\/div><div class=\"wpforms-field-container\"><div id=\"wpforms-68-field_1-container\" class=\"wpforms-field wpforms-field-name\" data-field-id=\"1\"><input type=\"text\" id=\"wpforms-68-field_1\" class=\"wpforms-field-large wpforms-field-required\" name=\"wpforms[fields][1]\" placeholder=\"Como prefere ser chamado?\" aria-errormessage=\"wpforms-68-field_1-error\" required><\/div><div id=\"wpforms-68-field_2-container\" class=\"wpforms-field wpforms-field-email\" data-field-id=\"2\"><label class=\"wpforms-field-label\" for=\"wpforms-68-field_2\">Correio eletr\u00f3nico <span class=\"wpforms-required-label\" aria-hidden=\"true\">*<\/span><\/label><input type=\"email\" id=\"wpforms-68-field_2\" class=\"wpforms-field-large wpforms-field-required\" name=\"wpforms[fields][2]\" placeholder=\"Fique tranquilo, todas as informa\u00e7\u00f5es s\u00e3o mantidas estritamente confidenciais.\" spellcheck=\"false\" aria-errormessage=\"wpforms-68-field_2-error\" required><\/div><div id=\"wpforms-68-field_4-container\" class=\"wpforms-field wpforms-field-text\" data-field-id=\"4\"><label class=\"wpforms-field-label\" for=\"wpforms-68-field_4\">Telefone<\/label><input type=\"text\" id=\"wpforms-68-field_4\" class=\"wpforms-field-medium\" name=\"wpforms[fields][4]\" placeholder=\"Apenas quando o nosso correio eletr\u00f3nico de resposta ao inqu\u00e9rito estiver bloqueado.\" aria-errormessage=\"wpforms-68-field_4-error\" ><\/div><div id=\"wpforms-68-field_3-container\" class=\"wpforms-field wpforms-field-textarea\" data-field-id=\"3\"><label class=\"wpforms-field-label\" for=\"wpforms-68-field_3\">Mensagem <span class=\"wpforms-required-label\" aria-hidden=\"true\">*<\/span><\/label><textarea id=\"wpforms-68-field_3\" class=\"wpforms-field-medium wpforms-field-required\" name=\"wpforms[fields][3]\" placeholder=\"Quanto mais informa\u00e7\u00f5es fornecer, melhor ser\u00e1 a avalia\u00e7\u00e3o do seu projeto.\" aria-errormessage=\"wpforms-68-field_3-error\" required><\/textarea><\/div><\/div><!-- .wpforms-field-container --><div class=\"wpforms-submit-container\" ><input type=\"hidden\" name=\"wpforms[id]\" value=\"68\"><input type=\"hidden\" name=\"page_title\" value=\"\"><input type=\"hidden\" name=\"page_url\" value=\"https:\/\/ygdiecasting.com\/pt\/wp-json\/wp\/v2\/pages\/21\"><input type=\"hidden\" name=\"url_referer\" value=\"\"><button type=\"submit\" name=\"wpforms[submit]\" id=\"wpforms-submit-68\" class=\"wpforms-submit\" data-alt-text=\"Sending...\" data-submit-text=\"Submit\" aria-live=\"assertive\" value=\"wpforms-submit\">Enviar<\/button><img decoding=\"async\" src=\"https:\/\/ygdiecasting.com\/wp-content\/plugins\/wpforms-lite\/assets\/images\/submit-spin.svg\" class=\"wpforms-submit-spinner\" style=\"display: none;\" width=\"26\" height=\"26\" alt=\"Loading\"><\/div><input type=\"hidden\" name=\"trp-form-language\" value=\"pt\"\/><\/form><\/div>  <!-- .wpforms-container --><\/div>\n<\/div>\n<\/div>\n<\/div><\/div>","protected":false},"excerpt":{"rendered":"","protected":false},"author":1,"featured_media":0,"parent":0,"menu_order":0,"comment_status":"closed","ping_status":"closed","template":"","meta":{"_seopress_robots_primary_cat":"","_seopress_titles_title":"","_seopress_titles_desc":"","_seopress_robots_index":"","footnotes":""},"class_list":["post-21","page","type-page","status-publish","hentry"],"_links":{"self":[{"href":"https:\/\/ygdiecasting.com\/pt\/wp-json\/wp\/v2\/pages\/21","targetHints":{"allow":["GET"]}}],"collection":[{"href":"https:\/\/ygdiecasting.com\/pt\/wp-json\/wp\/v2\/pages"}],"about":[{"href":"https:\/\/ygdiecasting.com\/pt\/wp-json\/wp\/v2\/types\/page"}],"author":[{"embeddable":true,"href":"https:\/\/ygdiecasting.com\/pt\/wp-json\/wp\/v2\/users\/1"}],"replies":[{"embeddable":true,"href":"https:\/\/ygdiecasting.com\/pt\/wp-json\/wp\/v2\/comments?post=21"}],"version-history":[{"count":8,"href":"https:\/\/ygdiecasting.com\/pt\/wp-json\/wp\/v2\/pages\/21\/revisions"}],"predecessor-version":[{"id":1223,"href":"https:\/\/ygdiecasting.com\/pt\/wp-json\/wp\/v2\/pages\/21\/revisions\/1223"}],"wp:attachment":[{"href":"https:\/\/ygdiecasting.com\/pt\/wp-json\/wp\/v2\/media?parent=21"}],"curies":[{"name":"wp","href":"https:\/\/api.w.org\/{rel}","templated":true}]}}